{"id":67,"date":"2024-02-28T14:27:06","date_gmt":"2024-02-28T17:27:06","guid":{"rendered":"http:\/\/forguest.com.br\/colibri-wp\/"},"modified":"2024-02-28T16:29:15","modified_gmt":"2024-02-28T19:29:15","slug":"home-forguest","status":"publish","type":"page","link":"https:\/\/forguest.com.br\/","title":{"rendered":"Home Forguest"},"content":{"rendered":"","protected":false},"excerpt":{"rendered":"","protected":false},"author":1,"featured_media":122,"parent":0,"menu_order":0,"comment_status":"closed","ping_status":"closed","template":"","meta":{"saved_in_kubio":true,"footnotes":""},"class_list":["post-67","page","type-page","status-publish","has-post-thumbnail","hentry"],"kubio_ai_page_context":{"short_desc":"","purpose":"general"},"yoast_head":"<!-- This site is optimized with the Yoast SEO plugin v22.1 - https:\/\/yoast.com\/wordpress\/plugins\/seo\/ -->\n<title>Home Forguest - FORGUEST<\/title>\n<meta name=\"description\" content=\"Conhe\u00e7a a Forguest, a marca de cosm\u00e9ticos preferida das melhores pousadas e hot\u00e9is. Qualidade e responsabilidade ambiental para todos!\" \/>\n<meta name=\"robots\" content=\"index, follow, max-snippet:-1, max-image-preview:large, max-video-preview:-1\" \/>\n<link rel=\"canonical\" href=\"http:\/\/forguest.com.br\/\" \/>\n<meta property=\"og:locale\" content=\"pt_BR\" \/>\n<meta property=\"og:type\" content=\"article\" \/>\n<meta property=\"og:title\" content=\"Home Forguest - FORGUEST\" \/>\n<meta property=\"og:description\" content=\"Conhe\u00e7a a Forguest, a marca de cosm\u00e9ticos preferida das melhores pousadas e hot\u00e9is. Qualidade e responsabilidade ambiental para todos!\" \/>\n<meta property=\"og:url\" content=\"http:\/\/forguest.com.br\/\" \/>\n<meta property=\"og:site_name\" content=\"FORGUEST\" \/>\n<meta property=\"article:modified_time\" content=\"2024-02-28T19:29:15+00:00\" \/>\n<meta property=\"og:image\" content=\"http:\/\/forguest.com.br\/wp-content\/uploads\/2024\/02\/cropped-FORGUEST_LOGO-9@300x-100-scaled-1.jpg\" \/>\n\t<meta property=\"og:image:width\" content=\"512\" \/>\n\t<meta property=\"og:image:height\" content=\"512\" \/>\n\t<meta property=\"og:image:type\" content=\"image\/jpeg\" \/>\n<meta name=\"twitter:card\" content=\"summary_large_image\" \/>\n<meta name=\"twitter:label1\" content=\"Est. tempo de leitura\" \/>\n\t<meta name=\"twitter:data1\" content=\"1 minuto\" \/>\n<script type=\"application\/ld+json\" class=\"yoast-schema-graph\">{\"@context\":\"https:\/\/schema.org\",\"@graph\":[{\"@type\":\"WebPage\",\"@id\":\"http:\/\/forguest.com.br\/\",\"url\":\"http:\/\/forguest.com.br\/\",\"name\":\"Home Forguest - FORGUEST\",\"isPartOf\":{\"@id\":\"http:\/\/forguest.com.br\/#website\"},\"datePublished\":\"2024-02-28T17:27:06+00:00\",\"dateModified\":\"2024-02-28T19:29:15+00:00\",\"description\":\"Conhe\u00e7a a Forguest, a marca de cosm\u00e9ticos preferida das melhores pousadas e hot\u00e9is. Qualidade e responsabilidade ambiental para todos!\",\"breadcrumb\":{\"@id\":\"http:\/\/forguest.com.br\/#breadcrumb\"},\"inLanguage\":\"pt-BR\",\"potentialAction\":[{\"@type\":\"ReadAction\",\"target\":[\"http:\/\/forguest.com.br\/\"]}]},{\"@type\":\"BreadcrumbList\",\"@id\":\"http:\/\/forguest.com.br\/#breadcrumb\",\"itemListElement\":[{\"@type\":\"ListItem\",\"position\":1,\"name\":\"In\u00edcio\",\"item\":\"http:\/\/forguest.com.br\/\"},{\"@type\":\"ListItem\",\"position\":2,\"name\":\"Home Forguest\"}]},{\"@type\":\"WebSite\",\"@id\":\"http:\/\/forguest.com.br\/#website\",\"url\":\"http:\/\/forguest.com.br\/\",\"name\":\"FORGUEST\",\"description\":\"\",\"publisher\":{\"@id\":\"http:\/\/forguest.com.br\/#organization\"},\"potentialAction\":[{\"@type\":\"SearchAction\",\"target\":{\"@type\":\"EntryPoint\",\"urlTemplate\":\"http:\/\/forguest.com.br\/?s={search_term_string}\"},\"query-input\":\"required name=search_term_string\"}],\"inLanguage\":\"pt-BR\"},{\"@type\":\"Organization\",\"@id\":\"http:\/\/forguest.com.br\/#organization\",\"name\":\"FORGUEST\",\"url\":\"http:\/\/forguest.com.br\/\",\"logo\":{\"@type\":\"ImageObject\",\"inLanguage\":\"pt-BR\",\"@id\":\"http:\/\/forguest.com.br\/#\/schema\/logo\/image\/\",\"url\":\"https:\/\/forguest.com.br\/wp-content\/uploads\/2024\/02\/LOGO.png\",\"contentUrl\":\"https:\/\/forguest.com.br\/wp-content\/uploads\/2024\/02\/LOGO.png\",\"width\":1272,\"height\":223,\"caption\":\"FORGUEST\"},\"image\":{\"@id\":\"http:\/\/forguest.com.br\/#\/schema\/logo\/image\/\"}}]}<\/script>\n<!-- \/ Yoast SEO plugin. -->","yoast_head_json":{"title":"Home Forguest - FORGUEST","description":"Conhe\u00e7a a Forguest, a marca de cosm\u00e9ticos preferida das melhores pousadas e hot\u00e9is. Qualidade e responsabilidade ambiental para todos!","robots":{"index":"index","follow":"follow","max-snippet":"max-snippet:-1","max-image-preview":"max-image-preview:large","max-video-preview":"max-video-preview:-1"},"canonical":"http:\/\/forguest.com.br\/","og_locale":"pt_BR","og_type":"article","og_title":"Home Forguest - FORGUEST","og_description":"Conhe\u00e7a a Forguest, a marca de cosm\u00e9ticos preferida das melhores pousadas e hot\u00e9is. Qualidade e responsabilidade ambiental para todos!","og_url":"http:\/\/forguest.com.br\/","og_site_name":"FORGUEST","article_modified_time":"2024-02-28T19:29:15+00:00","og_image":[{"width":512,"height":512,"url":"http:\/\/forguest.com.br\/wp-content\/uploads\/2024\/02\/cropped-FORGUEST_LOGO-9@300x-100-scaled-1.jpg","type":"image\/jpeg"}],"twitter_card":"summary_large_image","twitter_misc":{"Est. tempo de leitura":"1 minuto"},"schema":{"@context":"https:\/\/schema.org","@graph":[{"@type":"WebPage","@id":"http:\/\/forguest.com.br\/","url":"http:\/\/forguest.com.br\/","name":"Home Forguest - FORGUEST","isPartOf":{"@id":"http:\/\/forguest.com.br\/#website"},"datePublished":"2024-02-28T17:27:06+00:00","dateModified":"2024-02-28T19:29:15+00:00","description":"Conhe\u00e7a a Forguest, a marca de cosm\u00e9ticos preferida das melhores pousadas e hot\u00e9is. Qualidade e responsabilidade ambiental para todos!","breadcrumb":{"@id":"http:\/\/forguest.com.br\/#breadcrumb"},"inLanguage":"pt-BR","potentialAction":[{"@type":"ReadAction","target":["http:\/\/forguest.com.br\/"]}]},{"@type":"BreadcrumbList","@id":"http:\/\/forguest.com.br\/#breadcrumb","itemListElement":[{"@type":"ListItem","position":1,"name":"In\u00edcio","item":"http:\/\/forguest.com.br\/"},{"@type":"ListItem","position":2,"name":"Home Forguest"}]},{"@type":"WebSite","@id":"http:\/\/forguest.com.br\/#website","url":"http:\/\/forguest.com.br\/","name":"FORGUEST","description":"","publisher":{"@id":"http:\/\/forguest.com.br\/#organization"},"potentialAction":[{"@type":"SearchAction","target":{"@type":"EntryPoint","urlTemplate":"http:\/\/forguest.com.br\/?s={search_term_string}"},"query-input":"required name=search_term_string"}],"inLanguage":"pt-BR"},{"@type":"Organization","@id":"http:\/\/forguest.com.br\/#organization","name":"FORGUEST","url":"http:\/\/forguest.com.br\/","logo":{"@type":"ImageObject","inLanguage":"pt-BR","@id":"http:\/\/forguest.com.br\/#\/schema\/logo\/image\/","url":"https:\/\/forguest.com.br\/wp-content\/uploads\/2024\/02\/LOGO.png","contentUrl":"https:\/\/forguest.com.br\/wp-content\/uploads\/2024\/02\/LOGO.png","width":1272,"height":223,"caption":"FORGUEST"},"image":{"@id":"http:\/\/forguest.com.br\/#\/schema\/logo\/image\/"}}]}},"_links":{"self":[{"href":"https:\/\/forguest.com.br\/index.php?rest_route=\/wp\/v2\/pages\/67","targetHints":{"allow":["GET"]}}],"collection":[{"href":"https:\/\/forguest.com.br\/index.php?rest_route=\/wp\/v2\/pages"}],"about":[{"href":"https:\/\/forguest.com.br\/index.php?rest_route=\/wp\/v2\/types\/page"}],"author":[{"embeddable":true,"href":"https:\/\/forguest.com.br\/index.php?rest_route=\/wp\/v2\/users\/1"}],"replies":[{"embeddable":true,"href":"https:\/\/forguest.com.br\/index.php?rest_route=%2Fwp%2Fv2%2Fcomments&post=67"}],"version-history":[{"count":14,"href":"https:\/\/forguest.com.br\/index.php?rest_route=\/wp\/v2\/pages\/67\/revisions"}],"predecessor-version":[{"id":187,"href":"https:\/\/forguest.com.br\/index.php?rest_route=\/wp\/v2\/pages\/67\/revisions\/187"}],"wp:featuredmedia":[{"embeddable":true,"href":"https:\/\/forguest.com.br\/index.php?rest_route=\/wp\/v2\/media\/122"}],"wp:attachment":[{"href":"https:\/\/forguest.com.br\/index.php?rest_route=%2Fwp%2Fv2%2Fmedia&parent=67"}],"curies":[{"name":"wp","href":"https:\/\/api.w.org\/{rel}","templated":true}]}}